{"id":18,"date":"2019-06-05T14:21:24","date_gmt":"2019-06-05T17:21:24","guid":{"rendered":"https:\/\/clientes.agenciainclui.com.br\/sossailormoon\/?page_id=18"},"modified":"2019-12-26T16:08:11","modified_gmt":"2019-12-26T18:08:11","slug":"sobre","status":"publish","type":"page","link":"https:\/\/clientes.agenciainclui.com.br\/sossailormoon\/sobre\/","title":{"rendered":"Sobre"},"content":{"rendered":"\n<h4>Conhe\u00e7a a equipe do SOSSMP<\/h4>\n\n\n\n<p>O SOS Sailor Moon Project foi fundado em 2004 e nasceu da fus\u00e3o dos consagrados sites SOS Sailor Moon e Sailor Moon Project. Nosso objetivo \u00e9, al\u00e9m de proporcionar aos moonies brasileiros um vasto conte\u00fado em informa\u00e7\u00f5es, multim\u00eddia e divers\u00e3o,conseguir, atrav\u00e9s da campanha, o retorno da s\u00e9rie \u00e0 TV aberta e os mang\u00e1s nas bancas do pa\u00eds.<\/p>\n\n\n\n<p>Conhe\u00e7am agora um pouco mais sobre a equipe que faz, com voc\u00eas e para voc\u00eas moonies, o site SOS Sailor Moon Project.<\/p>\n\n\n\n<h4>Administra\u00e7\u00e3o<\/h4>\n\n\n\n<h4><\/h4>\n\n\n\n<p>Nome: Jamilly<br>Profiss\u00e3o: Farmac\u00eautica<br>Anivers\u00e1rio: 03\/08<br>Signo: Le\u00e3o<br>Cidade: Camanducaia\/MG<br>Membro desde: 1998<br>Sailors Favoritas: Sailor Moon e Mars<br>Fase Favorita: Classic<br>Produ\u00e7\u00e3o Favorita: Live Action<br>Ator\/Atriz favorita do Live: Kitagawa Keiko<br>Ator\/Atriz favorita do Myu: \u2013<br>Hobbies: ler, escrever fanfics, visitar o ebay<br>Tamb\u00e9m \u00e9 f\u00e3 de: \u2026 e o vento levou, Buffy<\/p>\n\n\n\n<h4><\/h4>\n\n\n\n<p>Nome:&nbsp;Haroldo<br>Profiss\u00e3o:&nbsp;F\u00edsico<br>Anivers\u00e1rio: 22\/07<br>Signo: Le\u00e3o<br>Cidade: S\u00e3o Jos\u00e9 do Rio Preto\/SP<br>Membro desde: 2004<br>Sailor Favorita: Sailor Jupiter e Uranus<br>Fase Favorita: Classic<br>Produ\u00e7\u00e3o Favorita: Anime<br>Ator\/Atriz favorita do Live: Kitagawa Keiko(Mars), Azama Mew(Jupiter)<br>Ator\/Atriz favorita do Myu: Kuroki Marina(4\u00aa Moon)<br>Hobbies: Ouvir a Laura Pausini<br>Tamb\u00e9m \u00e9 f\u00e3 de: Laura Pausini<\/p>\n\n\n\n<h4><\/h4>\n\n\n\n<p>Nome: Leandro<br>Profiss\u00e3o: Jornalista<br>Anivers\u00e1rio: 31\/03<br>Signo: \u00c1ries<br>Cidade: Belo Horizonte\/MG<br>Membro desde: 2004<br>Sailors Favoritas: Sailor Mercury, Pluto e Galaxia<br>Fase Favorita:<br>Produ\u00e7\u00e3o Favorita: Mang\u00e1<br>Ator\/Atriz favorita do Live: Kitagawa Keiko (Mars)<br>Ator\/Atriz favorita do Myu: Ooyama Anza (1a. Moon)<br>Hobbies:<br>Tamb\u00e9m \u00e9 f\u00e3 de: Pretty Cure<\/p>\n\n\n\n<h4><\/h4>\n\n\n\n<p>Nome: Let\u00edcia<br>Profiss\u00e3o: Engenheira<br>Anivers\u00e1rio: 31\/01<br>Signo: Aqu\u00e1rio<br>Cidade: S\u00e3o Paulo\/SP<br>Membro desde: 2004<br>Sailor Favorita: Sailor Cosmos<br>Fases Favoritas: Stars (do mang\u00e1) e Classic (do anime)<br>Produ\u00e7\u00f5es Favoritas: Mang\u00e1 e Myu<br>Ator\/Atriz favorita do Live: Kitagawa Keiko (Mars)<br>Ator\/Atriz favorita do Myu: Kanbe Miyuki (3a. Moon)<br>Hobbies: Ficar na internet, photoshopar, jogar pok\u00e9mon, ler, cosplay, colecionar coisas de animes<br>Tamb\u00e9m \u00e9 f\u00e3 de: Pretty Cure, Doctor Who, Wicked, Sakura Taisen e Mahou shoujos em geral<\/p>\n\n\n\n<h4><\/h4>\n\n\n\n<p>Nome: Camila<br>Profiss\u00e3o: M\u00e9dica<br>Anivers\u00e1rio: 11\/01<br>Signo: Capric\u00f3rnio<br>Cidade: Fortaleza\/CE<br>Membro desde: 2006<br>Sailors Favoritas: Sailor Jupiter, Sailor Saturn e Luna<br>Fase Favorita: Sailor Stars<br>Produ\u00e7\u00e3o Favorita: Sera Myu<br>Ator\/Atriz favorita do Live: Kitagawa Keiko (Mars)<br>Ator\/Atriz favorita do Myu: Takagi Nao (3a. Uranus)<br>Hobbies: photoshopar, traduzir, ver e rever SeraMyu (e seguir as ex-atrizes pela internet)<br>Tamb\u00e9m f\u00e3 de: CLAMP, doramas, J-Pop e J-Rock, ANZA<\/p>\n","protected":false},"excerpt":{"rendered":"<p>Conhe\u00e7a a equipe do SOSSMP O SOS Sailor Moon Project foi fundado em 2004 e<\/p>\n","protected":false},"author":2,"featured_media":0,"parent":0,"menu_order":0,"comment_status":"closed","ping_status":"closed","template":"","meta":[],"_links":{"self":[{"href":"https:\/\/clientes.agenciainclui.com.br\/sossailormoon\/wp-json\/wp\/v2\/pages\/18"}],"collection":[{"href":"https:\/\/clientes.agenciainclui.com.br\/sossailormoon\/wp-json\/wp\/v2\/pages"}],"about":[{"href":"https:\/\/clientes.agenciainclui.com.br\/sossailormoon\/wp-json\/wp\/v2\/types\/page"}],"author":[{"embeddable":true,"href":"https:\/\/clientes.agenciainclui.com.br\/sossailormoon\/wp-json\/wp\/v2\/users\/2"}],"replies":[{"embeddable":true,"href":"https:\/\/clientes.agenciainclui.com.br\/sossailormoon\/wp-json\/wp\/v2\/comments?post=18"}],"version-history":[{"count":2,"href":"https:\/\/clientes.agenciainclui.com.br\/sossailormoon\/wp-json\/wp\/v2\/pages\/18\/revisions"}],"predecessor-version":[{"id":150,"href":"https:\/\/clientes.agenciainclui.com.br\/sossailormoon\/wp-json\/wp\/v2\/pages\/18\/revisions\/150"}],"wp:attachment":[{"href":"https:\/\/clientes.agenciainclui.com.br\/sossailormoon\/wp-json\/wp\/v2\/media?parent=18"}],"curies":[{"name":"wp","href":"https:\/\/api.w.org\/{rel}","templated":true}]}}